{"id":6,"date":"2024-09-29T22:59:42","date_gmt":"2024-09-29T20:59:42","guid":{"rendered":"https:\/\/musikstunde.eu\/Sammlung\/?page_id=6"},"modified":"2024-09-30T01:14:58","modified_gmt":"2024-09-29T23:14:58","slug":"sammlungen-gad","status":"publish","type":"page","link":"https:\/\/musikstunde.eu\/Sammlung\/?page_id=6","title":{"rendered":"Sammlungen GaD"},"content":{"rendered":"\n<div class=\"wp-block-group alignfull\" style=\"padding-top:var(--wp--preset--spacing--50);padding-right:var(--wp--preset--spacing--50);padding-bottom:var(--wp--preset--spacing--50);padding-left:var(--wp--preset--spacing--50)\"><div class=\"wp-block-group__inner-container is-layout-constrained wp-container-core-group-is-layout-f4d13f5d wp-block-group-is-layout-constrained\">\n<div class=\"wp-block-group\"><div class=\"wp-block-group__inner-container is-layout-constrained wp-container-core-group-is-layout-04692c70 wp-block-group-is-layout-constrained\">\n<h1 class=\"wp-block-heading has-text-align-center has-x-large-font-size\">Vollst\u00e4ndiges Inventar des GaD<\/h1>\n\n\n\n<div style=\"height:1.25rem\" aria-hidden=\"true\" class=\"wp-block-spacer\"><\/div>\n\n\n\n<p class=\"has-text-align-center\">als VR<\/p>\n\n\n\n<div style=\"height:1.25rem\" aria-hidden=\"true\" class=\"wp-block-spacer\"><\/div>\n\n\n\n<div class=\"wp-block-buttons is-content-justification-center is-layout-flex wp-container-core-buttons-is-layout-16018d1d wp-block-buttons-is-layout-flex\">\n<div class=\"wp-block-button\"><a class=\"wp-block-button__link wp-element-button\">Physik<\/a><\/div>\n<\/div>\n<\/div><\/div>\n\n\n\n<div style=\"height:var(--wp--preset--spacing--30)\" aria-hidden=\"true\" class=\"wp-block-spacer\"><\/div>\n\n\n\n<figure class=\"wp-block-image alignwide size-full is-style-rounded\"><img loading=\"lazy\" decoding=\"async\" width=\"1792\" height=\"1024\" src=\"https:\/\/musikstunde.eu\/Sammlung\/wp-content\/uploads\/2024\/09\/image.webp\" alt=\"A virtual reality (VR) tour of a scientific collection. The scene should depict a futuristic VR environment where viewers can explore a variety of natural science items such as minerals, fossils, and botanical specimens. Each item is accompanied by a digital floating information panel displaying important details, such as names, origins, and scientific data. The setting should be immersive, with a sleek, modern interface, holographic-style elements, and interactive visuals. The background should include a digital landscape with pathways guiding through different sections of the collection, evoking the feeling of an interactive, educational virtual tour.\" class=\"wp-image-11\" srcset=\"https:\/\/musikstunde.eu\/Sammlung\/wp-content\/uploads\/2024\/09\/image.webp 1792w, https:\/\/musikstunde.eu\/Sammlung\/wp-content\/uploads\/2024\/09\/image-300x171.webp 300w, https:\/\/musikstunde.eu\/Sammlung\/wp-content\/uploads\/2024\/09\/image-1024x585.webp 1024w, https:\/\/musikstunde.eu\/Sammlung\/wp-content\/uploads\/2024\/09\/image-768x439.webp 768w, https:\/\/musikstunde.eu\/Sammlung\/wp-content\/uploads\/2024\/09\/image-1536x878.webp 1536w\" sizes=\"auto, (max-width: 767px) 89vw, (max-width: 1000px) 54vw, (max-width: 1071px) 543px, 580px\" \/><\/figure>\n<\/div><\/div>\n\n\n\n<div class=\"wp-block-group alignfull has-base-2-background-color has-background\" style=\"margin-top:0;margin-bottom:0;padding-top:var(--wp--preset--spacing--50);padding-right:var(--wp--preset--spacing--50);padding-bottom:var(--wp--preset--spacing--50);padding-left:var(--wp--preset--spacing--50)\"><div class=\"wp-block-group__inner-container is-layout-constrained wp-container-core-group-is-layout-2bafd31c wp-block-group-is-layout-constrained\">\n<div class=\"wp-block-group is-vertical is-content-justification-center is-layout-flex wp-container-core-group-is-layout-7681721f wp-block-group-is-layout-flex\">\n<h2 class=\"wp-block-heading has-text-align-center is-style-asterisk\">S\u00e4mtliche Sammlungsr\u00e4ume k\u00f6nnen virtuell betreten werden.<\/h2>\n\n\n\n<div style=\"height:0px\" aria-hidden=\"true\" class=\"wp-block-spacer wp-container-content-4f2ccadb\"><\/div>\n\n\n\n<p class=\"has-text-align-center\">Ber\u00fchre ein Objekt: Im Men\u00fc kannst du Anleitungen, Beispielstunden, Lernvideos, Arbeitsbl\u00e4tter und vieles mehr finden.<\/p>\n<\/div>\n\n\n\n<div style=\"margin-top:0;margin-bottom:0;height:var(--wp--preset--spacing--40)\" aria-hidden=\"true\" class=\"wp-block-spacer\"><\/div>\n\n\n\n<div class=\"wp-block-columns alignwide is-layout-flex wp-container-core-columns-is-layout-2aabe216 wp-block-columns-is-layout-flex\">\n<div class=\"wp-block-column is-layout-flow wp-block-column-is-layout-flow\">\n<h3 class=\"wp-block-heading has-text-align-left is-style-asterisk has-body-font-family has-medium-font-size\" style=\"font-style:normal;font-weight:600\"><a href=\"https:\/\/musikstunde.eu\/Sammlung\/?page_id=2\" data-type=\"page\" data-id=\"2\">Sammlung Physik<\/a><\/h3>\n\n\n\n<p class=\"has-text-align-left\"><img loading=\"lazy\" decoding=\"async\" width=\"150\" height=\"150\" class=\"wp-image-20\" style=\"width: 150px;\" src=\"https:\/\/musikstunde.eu\/Sammlung\/wp-content\/uploads\/2024\/09\/image-1.png\" alt=\"\" srcset=\"https:\/\/musikstunde.eu\/Sammlung\/wp-content\/uploads\/2024\/09\/image-1.png 1024w, https:\/\/musikstunde.eu\/Sammlung\/wp-content\/uploads\/2024\/09\/image-1-300x300.png 300w, https:\/\/musikstunde.eu\/Sammlung\/wp-content\/uploads\/2024\/09\/image-1-150x150.png 150w, https:\/\/musikstunde.eu\/Sammlung\/wp-content\/uploads\/2024\/09\/image-1-768x768.png 768w\" sizes=\"auto, (max-width: 150px) 100vw, 150px\" \/><\/p>\n<\/div>\n\n\n\n<div class=\"wp-block-column is-layout-flow wp-block-column-is-layout-flow\">\n<h3 class=\"wp-block-heading has-text-align-left is-style-asterisk has-body-font-family has-medium-font-size\" style=\"font-style:normal;font-weight:600\">Sammlung Biologie<\/h3>\n\n\n\n<p class=\"has-text-align-left\"><img loading=\"lazy\" decoding=\"async\" width=\"150\" height=\"150\" class=\"wp-image-21\" style=\"width: 150px;\" src=\"https:\/\/musikstunde.eu\/Sammlung\/wp-content\/uploads\/2024\/09\/image-2.png\" alt=\"\" srcset=\"https:\/\/musikstunde.eu\/Sammlung\/wp-content\/uploads\/2024\/09\/image-2.png 1024w, https:\/\/musikstunde.eu\/Sammlung\/wp-content\/uploads\/2024\/09\/image-2-300x300.png 300w, https:\/\/musikstunde.eu\/Sammlung\/wp-content\/uploads\/2024\/09\/image-2-150x150.png 150w, https:\/\/musikstunde.eu\/Sammlung\/wp-content\/uploads\/2024\/09\/image-2-768x768.png 768w\" sizes=\"auto, (max-width: 150px) 100vw, 150px\" \/><\/p>\n<\/div>\n\n\n\n<div class=\"wp-block-column is-layout-flow wp-block-column-is-layout-flow\">\n<h3 class=\"wp-block-heading has-text-align-left is-style-asterisk has-body-font-family has-medium-font-size\" style=\"font-style:normal;font-weight:600\">Sammlung Chemie<\/h3>\n\n\n\n<p class=\"has-text-align-left\"><img loading=\"lazy\" decoding=\"async\" width=\"150\" height=\"150\" class=\"wp-image-22\" style=\"width: 150px;\" src=\"https:\/\/musikstunde.eu\/Sammlung\/wp-content\/uploads\/2024\/09\/image-3.png\" alt=\"\" srcset=\"https:\/\/musikstunde.eu\/Sammlung\/wp-content\/uploads\/2024\/09\/image-3.png 1024w, https:\/\/musikstunde.eu\/Sammlung\/wp-content\/uploads\/2024\/09\/image-3-300x300.png 300w, https:\/\/musikstunde.eu\/Sammlung\/wp-content\/uploads\/2024\/09\/image-3-150x150.png 150w, https:\/\/musikstunde.eu\/Sammlung\/wp-content\/uploads\/2024\/09\/image-3-768x768.png 768w\" sizes=\"auto, (max-width: 150px) 100vw, 150px\" \/><\/p>\n<\/div>\n<\/div>\n\n\n\n<div style=\"height:var(--wp--preset--spacing--20)\" aria-hidden=\"true\" class=\"wp-block-spacer\"><\/div>\n\n\n\n<div class=\"wp-block-columns alignwide is-layout-flex wp-container-core-columns-is-layout-2aabe216 wp-block-columns-is-layout-flex\">\n<div class=\"wp-block-column is-layout-flow wp-block-column-is-layout-flow\">\n<h3 class=\"wp-block-heading has-text-align-left is-style-asterisk has-body-font-family has-medium-font-size\" style=\"font-style:normal;font-weight:600\">Sammlung Musik<\/h3>\n\n\n\n<p class=\"has-text-align-left\"><img loading=\"lazy\" decoding=\"async\" width=\"150\" height=\"150\" class=\"wp-image-23\" style=\"width: 150px;\" src=\"https:\/\/musikstunde.eu\/Sammlung\/wp-content\/uploads\/2024\/09\/image-4.png\" alt=\"\" srcset=\"https:\/\/musikstunde.eu\/Sammlung\/wp-content\/uploads\/2024\/09\/image-4.png 1024w, https:\/\/musikstunde.eu\/Sammlung\/wp-content\/uploads\/2024\/09\/image-4-300x300.png 300w, https:\/\/musikstunde.eu\/Sammlung\/wp-content\/uploads\/2024\/09\/image-4-150x150.png 150w, https:\/\/musikstunde.eu\/Sammlung\/wp-content\/uploads\/2024\/09\/image-4-768x768.png 768w\" sizes=\"auto, (max-width: 150px) 100vw, 150px\" \/><\/p>\n<\/div>\n\n\n\n<div class=\"wp-block-column is-layout-flow wp-block-column-is-layout-flow\">\n<h3 class=\"wp-block-heading has-text-align-left is-style-asterisk has-body-font-family has-medium-font-size\" style=\"font-style:normal;font-weight:600\">Sammlung Geographie<\/h3>\n\n\n\n<p class=\"has-text-align-left\"><img loading=\"lazy\" decoding=\"async\" width=\"150\" height=\"150\" class=\"wp-image-24\" style=\"width: 150px;\" src=\"https:\/\/musikstunde.eu\/Sammlung\/wp-content\/uploads\/2024\/09\/image-5.png\" alt=\"\" srcset=\"https:\/\/musikstunde.eu\/Sammlung\/wp-content\/uploads\/2024\/09\/image-5.png 1024w, https:\/\/musikstunde.eu\/Sammlung\/wp-content\/uploads\/2024\/09\/image-5-300x300.png 300w, https:\/\/musikstunde.eu\/Sammlung\/wp-content\/uploads\/2024\/09\/image-5-150x150.png 150w, https:\/\/musikstunde.eu\/Sammlung\/wp-content\/uploads\/2024\/09\/image-5-768x768.png 768w\" sizes=\"auto, (max-width: 150px) 100vw, 150px\" \/><\/p>\n<\/div>\n\n\n\n<div class=\"wp-block-column is-layout-flow wp-block-column-is-layout-flow\">\n<h3 class=\"wp-block-heading has-text-align-left is-style-asterisk has-body-font-family has-medium-font-size\" style=\"font-style:normal;font-weight:600\">Sammlung NWT<\/h3>\n\n\n\n<p class=\"has-text-align-left\"><img loading=\"lazy\" decoding=\"async\" width=\"150\" height=\"150\" class=\"wp-image-25\" style=\"width: 150px;\" src=\"https:\/\/musikstunde.eu\/Sammlung\/wp-content\/uploads\/2024\/09\/image-6.png\" alt=\"\" srcset=\"https:\/\/musikstunde.eu\/Sammlung\/wp-content\/uploads\/2024\/09\/image-6.png 1024w, https:\/\/musikstunde.eu\/Sammlung\/wp-content\/uploads\/2024\/09\/image-6-300x300.png 300w, https:\/\/musikstunde.eu\/Sammlung\/wp-content\/uploads\/2024\/09\/image-6-150x150.png 150w, https:\/\/musikstunde.eu\/Sammlung\/wp-content\/uploads\/2024\/09\/image-6-768x768.png 768w\" sizes=\"auto, (max-width: 150px) 100vw, 150px\" \/><\/p>\n<\/div>\n<\/div>\n<\/div><\/div>\n\n\n\n<div class=\"wp-block-group alignfull has-base-color has-contrast-background-color has-text-color has-background\" style=\"margin-top:0;margin-bottom:0;padding-top:var(--wp--preset--spacing--60);padding-right:var(--wp--preset--spacing--60);padding-bottom:var(--wp--preset--spacing--60);padding-left:var(--wp--preset--spacing--60)\"><div class=\"wp-block-group__inner-container is-layout-constrained wp-container-core-group-is-layout-6b0914bc wp-block-group-is-layout-constrained\">\n<div class=\"wp-block-group\"><div class=\"wp-block-group__inner-container is-layout-constrained wp-block-group-is-layout-constrained\">\n<p class=\"has-text-align-center has-base-color has-text-color has-heading-font-family has-x-large-font-size\" style=\"line-height:1.2\"><em>\u201eFuchsloch hat uns Tausende von Arbeitsstunden erspart und uns Einblicke verschafft, die wir nie f\u00fcr m\u00f6glich gehalten h\u00e4tten.\u201c<\/em><\/p>\n\n\n\n<div style=\"height:var(--wp--preset--spacing--10)\" aria-hidden=\"true\" class=\"wp-block-spacer\"><\/div>\n\n\n\n<div class=\"wp-block-group is-vertical is-content-justification-center is-nowrap is-layout-flex wp-container-core-group-is-layout-a9ff9874 wp-block-group-is-layout-flex\">\n\n\n<p class=\"has-text-align-center\" style=\"margin-top:var(--wp--preset--spacing--10);margin-bottom:0\">Z. Yosovic<\/p>\n\n\n\n<p class=\"has-text-align-center has-contrast-3-color has-text-color has-small-font-size\" style=\"font-style:normal;font-weight:300\">Schulleiter, GaD<\/p>\n<\/div>\n<\/div><\/div>\n<\/div><\/div>\n\n\n\n<div class=\"wp-block-group alignfull\" style=\"margin-top:0;margin-bottom:0;padding-top:var(--wp--preset--spacing--50);padding-right:var(--wp--preset--spacing--50);padding-bottom:var(--wp--preset--spacing--50);padding-left:var(--wp--preset--spacing--50)\"><div class=\"wp-block-group__inner-container is-layout-constrained wp-container-core-group-is-layout-9cf8f26d wp-block-group-is-layout-constrained\">\n<h2 class=\"wp-block-heading alignwide has-x-large-font-size\" style=\"margin-top:0;margin-bottom:var(--wp--preset--spacing--40);line-height:1\"><\/h2>\n\n\n\n<div class=\"wp-block-group alignwide\"><div class=\"wp-block-group__inner-container is-layout-constrained wp-block-group-is-layout-constrained\">\n<div class=\"wp-block-query alignwide is-layout-flow wp-block-query-is-layout-flow\">\n\n\n<div style=\"height:var(--wp--preset--spacing--30)\" aria-hidden=\"true\" class=\"wp-block-spacer\"><\/div>\n\n\n\n\n<div class=\"wp-block-query-no-results\">\n\n<p>Es wurden keine Beitr\u00e4ge gefunden.<\/p>\n\n<\/div><\/div>\n<\/div><\/div>\n<\/div><\/div>\n\n\n\n<div class=\"wp-block-group alignfull\" style=\"margin-top:0;margin-bottom:0;padding-top:var(--wp--preset--spacing--50);padding-right:var(--wp--preset--spacing--50);padding-bottom:var(--wp--preset--spacing--50);padding-left:var(--wp--preset--spacing--50)\"><div class=\"wp-block-group__inner-container is-layout-constrained wp-container-core-group-is-layout-9cf8f26d wp-block-group-is-layout-constrained\">\n<div class=\"wp-block-group alignwide has-base-2-background-color has-background\" style=\"border-radius:16px;padding-top:var(--wp--preset--spacing--40);padding-right:var(--wp--preset--spacing--50);padding-bottom:var(--wp--preset--spacing--40);padding-left:var(--wp--preset--spacing--50)\"><div class=\"wp-block-group__inner-container is-layout-constrained wp-container-core-group-is-layout-282d97d7 wp-block-group-is-layout-constrained\">\n<div style=\"height:var(--wp--preset--spacing--10)\" aria-hidden=\"true\" class=\"wp-block-spacer\"><\/div>\n\n\n\n<h2 class=\"wp-block-heading has-text-align-center has-x-large-font-size\">Zugang beantragen<\/h2>\n\n\n\n<div class=\"wp-block-buttons is-content-justification-center is-layout-flex wp-container-core-buttons-is-layout-16018d1d wp-block-buttons-is-layout-flex\">\n<div class=\"wp-block-button\"><a class=\"wp-block-button__link wp-element-button\">Anmelden<\/a><\/div>\n<\/div>\n\n\n\n<div style=\"height:var(--wp--preset--spacing--10)\" aria-hidden=\"true\" class=\"wp-block-spacer\"><\/div>\n<\/div><\/div>\n<\/div><\/div>\n","protected":false},"excerpt":{"rendered":"<p>Vollst\u00e4ndiges Inventar des GaD als VR S\u00e4mtliche Sammlungsr\u00e4ume k\u00f6nnen virtuell betreten werden. Ber\u00fchre ein Objekt: Im Men\u00fc kannst du Anleitungen, Beispielstunden, Lernvideos, Arbeitsbl\u00e4tter und vieles mehr finden. Sammlung Physik Sammlung Biologie Sammlung Chemie Sammlung Musik Sammlung Geographie Sammlung NWT \u201eFuchsloch hat uns Tausende von Arbeitsstunden erspart und uns Einblicke verschafft, die wir nie f\u00fcr m\u00f6glich &hellip; <\/p>\n<p class=\"link-more\"><a href=\"https:\/\/musikstunde.eu\/Sammlung\/?page_id=6\" class=\"more-link\"><span class=\"screen-reader-text\">\u201eSammlungen GaD\u201c<\/span> weiterlesen<\/a><\/p>\n","protected":false},"author":1,"featured_media":8,"parent":0,"menu_order":0,"comment_status":"closed","ping_status":"closed","template":"","meta":{"footnotes":""},"class_list":["post-6","page","type-page","status-publish","has-post-thumbnail","hentry"],"_links":{"self":[{"href":"https:\/\/musikstunde.eu\/Sammlung\/index.php?rest_route=\/wp\/v2\/pages\/6","targetHints":{"allow":["GET"]}}],"collection":[{"href":"https:\/\/musikstunde.eu\/Sammlung\/index.php?rest_route=\/wp\/v2\/pages"}],"about":[{"href":"https:\/\/musikstunde.eu\/Sammlung\/index.php?rest_route=\/wp\/v2\/types\/page"}],"author":[{"embeddable":true,"href":"https:\/\/musikstunde.eu\/Sammlung\/index.php?rest_route=\/wp\/v2\/users\/1"}],"replies":[{"embeddable":true,"href":"https:\/\/musikstunde.eu\/Sammlung\/index.php?rest_route=%2Fwp%2Fv2%2Fcomments&post=6"}],"version-history":[{"count":8,"href":"https:\/\/musikstunde.eu\/Sammlung\/index.php?rest_route=\/wp\/v2\/pages\/6\/revisions"}],"predecessor-version":[{"id":42,"href":"https:\/\/musikstunde.eu\/Sammlung\/index.php?rest_route=\/wp\/v2\/pages\/6\/revisions\/42"}],"wp:featuredmedia":[{"embeddable":true,"href":"https:\/\/musikstunde.eu\/Sammlung\/index.php?rest_route=\/wp\/v2\/media\/8"}],"wp:attachment":[{"href":"https:\/\/musikstunde.eu\/Sammlung\/index.php?rest_route=%2Fwp%2Fv2%2Fmedia&parent=6"}],"curies":[{"name":"wp","href":"https:\/\/api.w.org\/{rel}","templated":true}]}}